{"id":857,"date":"2025-08-20T02:30:34","date_gmt":"2025-08-20T02:30:34","guid":{"rendered":"https:\/\/zapplia.com\/?page_id=857"},"modified":"2026-04-15T05:33:48","modified_gmt":"2026-04-15T05:33:48","slug":"contacto","status":"publish","type":"page","link":"https:\/\/zapplia.com\/en\/contacto\/","title":{"rendered":"Contact"},"content":{"rendered":"<div data-elementor-type=\"wp-page\" data-elementor-id=\"857\" class=\"elementor elementor-857\" data-elementor-post-type=\"page\">\n\t\t\t\t\t\t<section class=\"elementor-section elementor-top-section elementor-element elementor-element-4e25b015 elementor-section-boxed elementor-section-height-default elementor-section-height-default\" data-id=\"4e25b015\" data-element_type=\"section\" data-settings=\"{&quot;background_background&quot;:&quot;classic&quot;}\">\n\t\t\t\t\t\t<div class=\"elementor-container elementor-column-gap-default\">\n\t\t\t\t\t<div class=\"elementor-column elementor-col-100 elementor-top-column elementor-element elementor-element-3c82e81a\" data-id=\"3c82e81a\" data-element_type=\"column\">\n\t\t\t<div class=\"elementor-widget-wrap elementor-element-populated\">\n\t\t\t\t\t\t<div class=\"elementor-element elementor-element-3512a653 elementor-widget elementor-widget-heading\" data-id=\"3512a653\" data-element_type=\"widget\" data-widget_type=\"heading.default\">\n\t\t\t\t\t<h1 class=\"elementor-heading-title elementor-size-default\">Contact us<\/h1>\t\t\t\t<\/div>\n\t\t\t\t<section class=\"elementor-section elementor-inner-section elementor-element elementor-element-7b11072e elementor-section-boxed elementor-section-height-default elementor-section-height-default\" data-id=\"7b11072e\" data-element_type=\"section\">\n\t\t\t\t\t\t<div class=\"elementor-container elementor-column-gap-default\">\n\t\t\t\t\t<div class=\"elementor-column elementor-col-100 elementor-inner-column elementor-element elementor-element-6320a75d\" data-id=\"6320a75d\" data-element_type=\"column\">\n\t\t\t<div class=\"elementor-widget-wrap elementor-element-populated\">\n\t\t\t\t\t\t<div class=\"elementor-element elementor-element-16abb6d0 elementor-widget elementor-widget-text-editor\" data-id=\"16abb6d0\" data-element_type=\"widget\" data-widget_type=\"text-editor.default\">\n\t\t\t\t\t\t\t\t\t<p>Do you want to take your business to the next level with artificial intelligence? Write to us and a specialist Zapplia will advise you personally.<\/p>\t\t\t\t\t\t\t\t<\/div>\n\t\t\t\t\t<\/div>\n\t\t<\/div>\n\t\t\t\t\t<\/div>\n\t\t<\/section>\n\t\t\t\t\t<\/div>\n\t\t<\/div>\n\t\t\t\t\t<\/div>\n\t\t<\/section>\n\t\t\t\t<section class=\"elementor-section elementor-top-section elementor-element elementor-element-50060808 elementor-section-boxed elementor-section-height-default elementor-section-height-default\" data-id=\"50060808\" data-element_type=\"section\" data-settings=\"{&quot;background_background&quot;:&quot;classic&quot;}\">\n\t\t\t\t\t\t<div class=\"elementor-container elementor-column-gap-default\">\n\t\t\t\t\t<div class=\"elementor-column elementor-col-100 elementor-top-column elementor-element elementor-element-4043e5c4\" data-id=\"4043e5c4\" data-element_type=\"column\">\n\t\t\t<div class=\"elementor-widget-wrap elementor-element-populated\">\n\t\t\t\t\t\t<section class=\"elementor-section elementor-inner-section elementor-element elementor-element-79ebf495 elementor-section-boxed elementor-section-height-default elementor-section-height-default\" data-id=\"79ebf495\" data-element_type=\"section\">\n\t\t\t\t\t\t<div class=\"elementor-container elementor-column-gap-default\">\n\t\t\t\t\t<div class=\"elementor-column elementor-col-100 elementor-inner-column elementor-element elementor-element-33664c07\" data-id=\"33664c07\" data-element_type=\"column\">\n\t\t\t<div class=\"elementor-widget-wrap elementor-element-populated\">\n\t\t\t\t\t\t<div class=\"elementor-element elementor-element-300b5895 elementor-widget elementor-widget-heading\" data-id=\"300b5895\" data-element_type=\"widget\" data-widget_type=\"heading.default\">\n\t\t\t\t\t<h2 class=\"elementor-heading-title elementor-size-default\">Your digital transformation starts with a message<\/h2>\t\t\t\t<\/div>\n\t\t\t\t<div class=\"elementor-element elementor-element-25ae0b44 elementor-widget elementor-widget-text-editor\" data-id=\"25ae0b44\" data-element_type=\"widget\" data-widget_type=\"text-editor.default\">\n\t\t\t\t\t\t\t\t\t<p data-start=\"867\" data-end=\"987\"><em data-start=\"867\" data-end=\"985\">Let&#039;s discuss how we can streamline your processes, increase your sales and improve your customers &#039; experience.<\/em><\/p>\t\t\t\t\t\t\t\t<\/div>\n\t\t\t\t\t<\/div>\n\t\t<\/div>\n\t\t\t\t\t<\/div>\n\t\t<\/section>\n\t\t\t\t<section class=\"elementor-section elementor-inner-section elementor-element elementor-element-f79cd7b elementor-section-boxed elementor-section-height-default elementor-section-height-default\" data-id=\"f79cd7b\" data-element_type=\"section\">\n\t\t\t\t\t\t<div class=\"elementor-container elementor-column-gap-custom\">\n\t\t\t\t\t<div class=\"elementor-column elementor-col-50 elementor-inner-column elementor-element elementor-element-8795fb2 pulse-soft animated-slow\" data-id=\"8795fb2\" data-element_type=\"column\" data-settings=\"{&quot;animation&quot;:&quot;none&quot;}\">\n\t\t\t<div class=\"elementor-widget-wrap elementor-element-populated\">\n\t\t\t\t\t\t<div class=\"elementor-element elementor-element-a75287a elementor-position-top elementor-widget elementor-widget-image-box\" data-id=\"a75287a\" data-element_type=\"widget\" data-widget_type=\"image-box.default\">\n\t\t\t\t\t<div class=\"elementor-image-box-wrapper\"><figure class=\"elementor-image-box-img\"><a href=\"mailto:contacto@zapplia.com\" tabindex=\"-1\"><img fetchpriority=\"high\" decoding=\"async\" width=\"397\" height=\"403\" src=\"https:\/\/zapplia.com\/wp-content\/uploads\/2025\/08\/zapplia_06.png\" class=\"attachment-full size-full wp-image-176\" alt=\"\" srcset=\"https:\/\/zapplia.com\/wp-content\/uploads\/2025\/08\/zapplia_06.png 397w, https:\/\/zapplia.com\/wp-content\/uploads\/2025\/08\/zapplia_06-296x300.png 296w\" sizes=\"(max-width: 397px) 100vw, 397px\" \/><\/a><\/figure><div class=\"elementor-image-box-content\"><h5 class=\"elementor-image-box-title\"><a href=\"mailto:contacto@zapplia.com\">E-mail<\/a><\/h5><p class=\"elementor-image-box-description\">contacto@zapplia.com<\/p><\/div><\/div>\t\t\t\t<\/div>\n\t\t\t\t\t<\/div>\n\t\t<\/div>\n\t\t\t\t<div class=\"elementor-column elementor-col-50 elementor-inner-column elementor-element elementor-element-150a619 pulse-soft animated-slow\" data-id=\"150a619\" data-element_type=\"column\" data-settings=\"{&quot;animation&quot;:&quot;none&quot;}\">\n\t\t\t<div class=\"elementor-widget-wrap elementor-element-populated\">\n\t\t\t\t\t\t<div class=\"elementor-element elementor-element-6321f5a elementor-position-top elementor-widget elementor-widget-image-box\" data-id=\"6321f5a\" data-element_type=\"widget\" data-widget_type=\"image-box.default\">\n\t\t\t\t\t<div class=\"elementor-image-box-wrapper\"><figure class=\"elementor-image-box-img\"><a href=\"mailto:contacto@zapplia.com\" tabindex=\"-1\"><img decoding=\"async\" width=\"397\" height=\"403\" src=\"https:\/\/zapplia.com\/wp-content\/uploads\/2025\/08\/zapplia-16.png\" class=\"attachment-full size-full wp-image-241\" alt=\"\" srcset=\"https:\/\/zapplia.com\/wp-content\/uploads\/2025\/08\/zapplia-16.png 397w, https:\/\/zapplia.com\/wp-content\/uploads\/2025\/08\/zapplia-16-296x300.png 296w\" sizes=\"(max-width: 397px) 100vw, 397px\" \/><\/a><\/figure><div class=\"elementor-image-box-content\"><h5 class=\"elementor-image-box-title\"><a href=\"mailto:contacto@zapplia.com\">Location<\/a><\/h5><p class=\"elementor-image-box-description\">Miami Florida<\/p><\/div><\/div>\t\t\t\t<\/div>\n\t\t\t\t\t<\/div>\n\t\t<\/div>\n\t\t\t\t\t<\/div>\n\t\t<\/section>\n\t\t\t\t<section class=\"elementor-section elementor-inner-section elementor-element elementor-element-601fce22 elementor-section-boxed elementor-section-height-default elementor-section-height-default\" data-id=\"601fce22\" data-element_type=\"section\">\n\t\t\t\t\t\t<div class=\"elementor-container elementor-column-gap-default\">\n\t\t\t\t\t<div class=\"elementor-column elementor-col-100 elementor-inner-column elementor-element elementor-element-392c20c pulse-soft animated-slow\" data-id=\"392c20c\" data-element_type=\"column\" data-settings=\"{&quot;animation&quot;:&quot;none&quot;}\">\n\t\t\t<div class=\"elementor-widget-wrap elementor-element-populated\">\n\t\t\t\t\t\t<div class=\"elementor-element elementor-element-2f766c0 elementor-widget elementor-widget-html\" data-id=\"2f766c0\" data-element_type=\"widget\" data-widget_type=\"html.default\">\n\t\t\t\t\t<iframe\r\n    src=\"https:\/\/api.leadconnectorhq.com\/widget\/form\/ER533IuSfpau9iyw5Uif\"\r\n    style=\"width:100%;height:70%;border:none;border-radius:0px\"\r\n    id=\"inline-ER533IuSfpau9iyw5Uif\" \r\n    data-layout=\"{'id':'INLINE'}\"\r\n    data-trigger-type=\"alwaysShow\"\r\n    data-trigger-value=\"\"\r\n    data-activation-type=\"alwaysActivated\"\r\n    data-activation-value=\"\"\r\n    data-deactivation-type=\"neverDeactivate\"\r\n    data-deactivation-value=\"\"\r\n    data-form-name=\"Sitio Web\"\r\n    data-height=\"590\"\r\n    data-layout-iframe-id=\"inline-ER533IuSfpau9iyw5Uif\"\r\n    data-form-id=\"ER533IuSfpau9iyw5Uif\"\r\n    title=\"Website\"\r\n        >\r\n<\/iframe>\r\n<script src=\"https:\/\/link.msgsndr.com\/js\/form_embed.js\"><\/script>\t\t\t\t<\/div>\n\t\t\t\t\t<\/div>\n\t\t<\/div>\n\t\t\t\t\t<\/div>\n\t\t<\/section>\n\t\t\t\t<div class=\"elementor-element elementor-element-66bb780 elementor-widget elementor-widget-google_maps\" data-id=\"66bb780\" data-element_type=\"widget\" data-widget_type=\"google_maps.default\">\n\t\t\t\t\t\t\t<div class=\"elementor-custom-embed\">\n\t\t\t<iframe loading=\"lazy\"\n\t\t\t\t\tsrc=\"https:\/\/maps.google.com\/maps?q=8%20THE%20GREEN%20STE%20B%20DOVER%2C%20DELAWARE&#038;t=m&#038;z=10&#038;output=embed&#038;iwloc=near\"\n\t\t\t\t\ttitle=\"8 THE GREEN STE B DOVER, DELAWARE\"\n\t\t\t\t\taria-label=\"8 THE GREEN STE B DOVER, DELAWARE\"\n\t\t\t><\/iframe>\n\t\t<\/div>\n\t\t\t\t\t\t<\/div>\n\t\t\t\t\t<\/div>\n\t\t<\/div>\n\t\t\t\t\t<\/div>\n\t\t<\/section>\n\t\t\t\t<\/div>","protected":false},"excerpt":{"rendered":"<p>Cont\u00e1ctenos \u00bfQuieres llevar tu negocio al siguiente nivel con inteligencia artificial? Escr\u00edbenos y un especialista de Zapplia te asesorar\u00e1 personalmente. Tu transformaci\u00f3n digital comienza con un mensaje Conversemos sobre c\u00f3mo podemos optimizar tus procesos, aumentar tus ventas y mejorar la experiencia de tus clientes. Correo electr\u00f3nico contacto@zapplia.com Ubicaci\u00f3n Miami Florida<\/p>","protected":false},"author":1,"featured_media":0,"parent":0,"menu_order":0,"comment_status":"closed","ping_status":"closed","template":"","meta":{"footnotes":""},"class_list":["post-857","page","type-page","status-publish","hentry"],"_links":{"self":[{"href":"https:\/\/zapplia.com\/en\/wp-json\/wp\/v2\/pages\/857","targetHints":{"allow":["GET"]}}],"collection":[{"href":"https:\/\/zapplia.com\/en\/wp-json\/wp\/v2\/pages"}],"about":[{"href":"https:\/\/zapplia.com\/en\/wp-json\/wp\/v2\/types\/page"}],"author":[{"embeddable":true,"href":"https:\/\/zapplia.com\/en\/wp-json\/wp\/v2\/users\/1"}],"replies":[{"embeddable":true,"href":"https:\/\/zapplia.com\/en\/wp-json\/wp\/v2\/comments?post=857"}],"version-history":[{"count":55,"href":"https:\/\/zapplia.com\/en\/wp-json\/wp\/v2\/pages\/857\/revisions"}],"predecessor-version":[{"id":1202,"href":"https:\/\/zapplia.com\/en\/wp-json\/wp\/v2\/pages\/857\/revisions\/1202"}],"wp:attachment":[{"href":"https:\/\/zapplia.com\/en\/wp-json\/wp\/v2\/media?parent=857"}],"curies":[{"name":"wp","href":"https:\/\/api.w.org\/{rel}","templated":true}]}}